{"id":266,"date":"2022-07-14T03:06:25","date_gmt":"2022-07-14T03:06:25","guid":{"rendered":"https:\/\/bioplus.com.vn\/?page_id=266"},"modified":"2022-07-14T03:06:25","modified_gmt":"2022-07-14T03:06:25","slug":"weblink","status":"publish","type":"page","link":"https:\/\/bioplus.com.vn\/en\/weblink\/","title":{"rendered":"Weblink"},"content":{"rendered":"<div class=\"wpb-content-wrapper\"><p>[vc_row][vc_column width=&#8221;1\/5&#8243;][vc_single_image image=&#8221;100&#8243; img_size=&#8221;400&#215;400&#8243; alignment=&#8221;center&#8221; onclick=&#8221;custom_link&#8221; img_link_target=&#8221;_blank&#8221; el_class=&#8221;img-wl&#8221; link=&#8221;https:\/\/vnrubbergroup.com\/&#8221;][vc_custom_heading text=&#8221;T\u1eadp \u0111o\u00e0n C\u00f4ng nghi\u1ec7p cao su Vi\u1ec7t Nam (VRG)&#8221; font_container=&#8221;tag:h4|font_size:18|text_align:center&#8221; use_theme_fonts=&#8221;yes&#8221; link=&#8221;url:https%3A%2F%2Fvnrubbergroup.com%2F&#8221; el_class=&#8221;title-wl&#8221;][\/vc_column][vc_column width=&#8221;1\/5&#8243;][vc_single_image image=&#8221;101&#8243; img_size=&#8221;400&#215;400&#8243; alignment=&#8221;center&#8221; onclick=&#8221;custom_link&#8221; img_link_target=&#8221;_blank&#8221; el_class=&#8221;img-wl&#8221; link=&#8221;https:\/\/www.vra.com.vn&#8221;][vc_custom_heading text=&#8221;Hi\u1ec7p h\u1ed9i cao su Vi\u1ec7t Nam (VRA)&#8221; font_container=&#8221;tag:h4|font_size:18|text_align:center&#8221; use_theme_fonts=&#8221;yes&#8221; link=&#8221;url:https%3A%2F%2Fwww.vra.com.vn&#8221; el_class=&#8221;title-wl&#8221;][\/vc_column][vc_column width=&#8221;1\/5&#8243;][vc_single_image image=&#8221;102&#8243; img_size=&#8221;400&#215;400&#8243; alignment=&#8221;center&#8221; onclick=&#8221;custom_link&#8221; img_link_target=&#8221;_blank&#8221; el_class=&#8221;img-wl&#8221; link=&#8221;http:\/\/www.gso.gov.vn&#8221;][vc_custom_heading text=&#8221;T\u1eadp c\u1ee5c Th\u1ed1ng k\u00ea&#8221; font_container=&#8221;tag:h4|font_size:18|text_align:center&#8221; use_theme_fonts=&#8221;yes&#8221; link=&#8221;url:http%3A%2F%2Fwww.gso.gov.vn&#8221; el_class=&#8221;title-wl&#8221;][\/vc_column][vc_column width=&#8221;1\/5&#8243;][vc_single_image image=&#8221;106&#8243; img_size=&#8221;full&#8221; alignment=&#8221;center&#8221; onclick=&#8221;custom_link&#8221; img_link_target=&#8221;_blank&#8221; el_class=&#8221;img-wl&#8221; link=&#8221;https:\/\/sbv.gov.vn\/&#8221;][vc_custom_heading text=&#8221;Ng\u00e2n h\u00e0ng nh\u00e0 n\u01b0\u1edbc Vi\u1ec7t Nam&#8221; font_container=&#8221;tag:h4|font_size:18|text_align:center&#8221; use_theme_fonts=&#8221;yes&#8221; link=&#8221;url:https%3A%2F%2Fsbv.gov.vn%2F&#8221; el_class=&#8221;title-wl&#8221;][\/vc_column][vc_column width=&#8221;1\/5&#8243;][vc_single_image image=&#8221;107&#8243; img_size=&#8221;full&#8221; alignment=&#8221;center&#8221; onclick=&#8221;custom_link&#8221; img_link_target=&#8221;_blank&#8221; el_class=&#8221;img-wl&#8221; link=&#8221;https:\/\/vcci.com.vn\/&#8221;][vc_custom_heading text=&#8221;Ph\u00f2ng Th\u01b0\u01a1ng m\u1ea1i v\u00e0 C\u00f4ng nghi\u1ec7p Vi\u1ec7t Nam&#8221; font_container=&#8221;tag:h4|font_size:18|text_align:center&#8221; use_theme_fonts=&#8221;yes&#8221; link=&#8221;url:https%3A%2F%2Fvcci.com.vn%2F&#8221; el_class=&#8221;title-wl&#8221;][\/vc_column][\/vc_row]<\/p>\n<\/div>","protected":false},"excerpt":{"rendered":"<p>[vc_row][vc_column width=&#8221;1\/5&#8243;][vc_single_image image=&#8221;100&#8243; img_size=&#8221;400&#215;400&#8243; alignment=&#8221;center&#8221; onclick=&#8221;custom_link&#8221; img_link_target=&#8221;_blank&#8221; el_class=&#8221;img-wl&#8221; link=&#8221;https:\/\/vnrubbergroup.com\/&#8221;][vc_custom_heading text=&#8221;T\u1eadp \u0111o\u00e0n C\u00f4ng nghi\u1ec7p cao su Vi\u1ec7t Nam (VRG)&#8221; font_container=&#8221;tag:h4|font_size:18|text_align:center&#8221; use_theme_fonts=&#8221;yes&#8221; link=&#8221;url:https%3A%2F%2Fvnrubbergroup.com%2F&#8221; el_class=&#8221;title-wl&#8221;][\/vc_column][vc_column width=&#8221;1\/5&#8243;][vc_single_image image=&#8221;101&#8243; img_size=&#8221;400&#215;400&#8243; alignment=&#8221;center&#8221; onclick=&#8221;custom_link&#8221; img_link_target=&#8221;_blank&#8221; el_class=&#8221;img-wl&#8221; link=&#8221;https:\/\/www.vra.com.vn&#8221;][vc_custom_heading text=&#8221;Hi\u1ec7p h\u1ed9i cao su Vi\u1ec7t Nam (VRA)&#8221; font_container=&#8221;tag:h4|font_size:18|text_align:center&#8221; use_theme_fonts=&#8221;yes&#8221; link=&#8221;url:https%3A%2F%2Fwww.vra.com.vn&#8221; el_class=&#8221;title-wl&#8221;][\/vc_column][vc_column width=&#8221;1\/5&#8243;][vc_single_image image=&#8221;102&#8243; img_size=&#8221;400&#215;400&#8243; alignment=&#8221;center&#8221; onclick=&#8221;custom_link&#8221; img_link_target=&#8221;_blank&#8221; el_class=&#8221;img-wl&#8221; link=&#8221;http:\/\/www.gso.gov.vn&#8221;][vc_custom_heading text=&#8221;T\u1eadp c\u1ee5c Th\u1ed1ng k\u00ea&#8221; font_container=&#8221;tag:h4|font_size:18|text_align:center&#8221; use_theme_fonts=&#8221;yes&#8221;<\/p>\n","protected":false},"author":1,"featured_media":0,"parent":0,"menu_order":0,"comment_status":"closed","ping_status":"closed","template":"page-templates\/fullwidthpage.php","meta":{"_acf_changed":false,"footnotes":""},"class_list":["post-266","page","type-page","status-publish","hentry"],"acf":[],"yoast_head":"<!-- This site is optimized with the Yoast SEO plugin v27.0 - https:\/\/yoast.com\/product\/yoast-seo-wordpress\/ -->\n<title>Weblink - BIO PLUS CO., LTD<\/title>\n<meta name=\"robots\" content=\"index, follow, max-snippet:-1, max-image-preview:large, max-video-preview:-1\" \/>\n<link rel=\"canonical\" href=\"https:\/\/bioplus.com.vn\/en\/weblink\/\" \/>\n<meta property=\"og:locale\" content=\"en_US\" \/>\n<meta property=\"og:type\" content=\"article\" \/>\n<meta property=\"og:title\" content=\"Weblink - BIO PLUS CO., LTD\" \/>\n<meta property=\"og:description\" content=\"[vc_row][vc_column width=&#8221;1\/5&#8243;][vc_single_image image=&#8221;100&#8243; img_size=&#8221;400&#215;400&#8243; alignment=&#8221;center&#8221; onclick=&#8221;custom_link&#8221; img_link_target=&#8221;_blank&#8221; el_class=&#8221;img-wl&#8221; link=&#8221;https:\/\/vnrubbergroup.com\/&#8221;][vc_custom_heading text=&#8221;T\u1eadp \u0111o\u00e0n C\u00f4ng nghi\u1ec7p cao su Vi\u1ec7t Nam (VRG)&#8221; font_container=&#8221;tag:h4|font_size:18|text_align:center&#8221; use_theme_fonts=&#8221;yes&#8221; link=&#8221;url:https%3A%2F%2Fvnrubbergroup.com%2F&#8221; el_class=&#8221;title-wl&#8221;][\/vc_column][vc_column width=&#8221;1\/5&#8243;][vc_single_image image=&#8221;101&#8243; img_size=&#8221;400&#215;400&#8243; alignment=&#8221;center&#8221; onclick=&#8221;custom_link&#8221; img_link_target=&#8221;_blank&#8221; el_class=&#8221;img-wl&#8221; link=&#8221;https:\/\/www.vra.com.vn&#8221;][vc_custom_heading text=&#8221;Hi\u1ec7p h\u1ed9i cao su Vi\u1ec7t Nam (VRA)&#8221; font_container=&#8221;tag:h4|font_size:18|text_align:center&#8221; use_theme_fonts=&#8221;yes&#8221; link=&#8221;url:https%3A%2F%2Fwww.vra.com.vn&#8221; el_class=&#8221;title-wl&#8221;][\/vc_column][vc_column width=&#8221;1\/5&#8243;][vc_single_image image=&#8221;102&#8243; img_size=&#8221;400&#215;400&#8243; alignment=&#8221;center&#8221; onclick=&#8221;custom_link&#8221; img_link_target=&#8221;_blank&#8221; el_class=&#8221;img-wl&#8221; link=&#8221;http:\/\/www.gso.gov.vn&#8221;][vc_custom_heading text=&#8221;T\u1eadp c\u1ee5c Th\u1ed1ng k\u00ea&#8221; font_container=&#8221;tag:h4|font_size:18|text_align:center&#8221; use_theme_fonts=&#8221;yes&#8221;\" \/>\n<meta property=\"og:url\" content=\"https:\/\/bioplus.com.vn\/en\/weblink\/\" \/>\n<meta property=\"og:site_name\" content=\"BIO PLUS CO., LTD\" \/>\n<meta name=\"twitter:card\" content=\"summary_large_image\" \/>\n<script type=\"application\/ld+json\" class=\"yoast-schema-graph\">{\"@context\":\"https:\/\/schema.org\",\"@graph\":[{\"@type\":\"WebPage\",\"@id\":\"https:\/\/bioplus.com.vn\/en\/weblink\/\",\"url\":\"https:\/\/bioplus.com.vn\/en\/weblink\/\",\"name\":\"Weblink - BIO PLUS CO., LTD\",\"isPartOf\":{\"@id\":\"https:\/\/bioplus.com.vn\/#website\"},\"datePublished\":\"2022-07-14T03:06:25+00:00\",\"inLanguage\":\"en-US\",\"potentialAction\":[{\"@type\":\"ReadAction\",\"target\":[\"https:\/\/bioplus.com.vn\/en\/weblink\/\"]}]},{\"@type\":\"WebSite\",\"@id\":\"https:\/\/bioplus.com.vn\/#website\",\"url\":\"https:\/\/bioplus.com.vn\/\",\"name\":\"BIO PLUS CO., LTD\",\"description\":\"M\u1ed9t trang web m\u1edbi s\u1eed d\u1ee5ng WordPress\",\"potentialAction\":[{\"@type\":\"SearchAction\",\"target\":{\"@type\":\"EntryPoint\",\"urlTemplate\":\"https:\/\/bioplus.com.vn\/?s={search_term_string}\"},\"query-input\":{\"@type\":\"PropertyValueSpecification\",\"valueRequired\":true,\"valueName\":\"search_term_string\"}}],\"inLanguage\":\"en-US\"}]}<\/script>\n<!-- \/ Yoast SEO plugin. -->","yoast_head_json":{"title":"Weblink - BIO PLUS CO., LTD","robots":{"index":"index","follow":"follow","max-snippet":"max-snippet:-1","max-image-preview":"max-image-preview:large","max-video-preview":"max-video-preview:-1"},"canonical":"https:\/\/bioplus.com.vn\/en\/weblink\/","og_locale":"en_US","og_type":"article","og_title":"Weblink - BIO PLUS CO., LTD","og_description":"[vc_row][vc_column width=&#8221;1\/5&#8243;][vc_single_image image=&#8221;100&#8243; img_size=&#8221;400&#215;400&#8243; alignment=&#8221;center&#8221; onclick=&#8221;custom_link&#8221; img_link_target=&#8221;_blank&#8221; el_class=&#8221;img-wl&#8221; link=&#8221;https:\/\/vnrubbergroup.com\/&#8221;][vc_custom_heading text=&#8221;T\u1eadp \u0111o\u00e0n C\u00f4ng nghi\u1ec7p cao su Vi\u1ec7t Nam (VRG)&#8221; font_container=&#8221;tag:h4|font_size:18|text_align:center&#8221; use_theme_fonts=&#8221;yes&#8221; link=&#8221;url:https%3A%2F%2Fvnrubbergroup.com%2F&#8221; el_class=&#8221;title-wl&#8221;][\/vc_column][vc_column width=&#8221;1\/5&#8243;][vc_single_image image=&#8221;101&#8243; img_size=&#8221;400&#215;400&#8243; alignment=&#8221;center&#8221; onclick=&#8221;custom_link&#8221; img_link_target=&#8221;_blank&#8221; el_class=&#8221;img-wl&#8221; link=&#8221;https:\/\/www.vra.com.vn&#8221;][vc_custom_heading text=&#8221;Hi\u1ec7p h\u1ed9i cao su Vi\u1ec7t Nam (VRA)&#8221; font_container=&#8221;tag:h4|font_size:18|text_align:center&#8221; use_theme_fonts=&#8221;yes&#8221; link=&#8221;url:https%3A%2F%2Fwww.vra.com.vn&#8221; el_class=&#8221;title-wl&#8221;][\/vc_column][vc_column width=&#8221;1\/5&#8243;][vc_single_image image=&#8221;102&#8243; img_size=&#8221;400&#215;400&#8243; alignment=&#8221;center&#8221; onclick=&#8221;custom_link&#8221; img_link_target=&#8221;_blank&#8221; el_class=&#8221;img-wl&#8221; link=&#8221;http:\/\/www.gso.gov.vn&#8221;][vc_custom_heading text=&#8221;T\u1eadp c\u1ee5c Th\u1ed1ng k\u00ea&#8221; font_container=&#8221;tag:h4|font_size:18|text_align:center&#8221; use_theme_fonts=&#8221;yes&#8221;","og_url":"https:\/\/bioplus.com.vn\/en\/weblink\/","og_site_name":"BIO PLUS CO., LTD","twitter_card":"summary_large_image","schema":{"@context":"https:\/\/schema.org","@graph":[{"@type":"WebPage","@id":"https:\/\/bioplus.com.vn\/en\/weblink\/","url":"https:\/\/bioplus.com.vn\/en\/weblink\/","name":"Weblink - BIO PLUS CO., LTD","isPartOf":{"@id":"https:\/\/bioplus.com.vn\/#website"},"datePublished":"2022-07-14T03:06:25+00:00","inLanguage":"en-US","potentialAction":[{"@type":"ReadAction","target":["https:\/\/bioplus.com.vn\/en\/weblink\/"]}]},{"@type":"WebSite","@id":"https:\/\/bioplus.com.vn\/#website","url":"https:\/\/bioplus.com.vn\/","name":"BIO PLUS CO., LTD","description":"M\u1ed9t trang web m\u1edbi s\u1eed d\u1ee5ng WordPress","potentialAction":[{"@type":"SearchAction","target":{"@type":"EntryPoint","urlTemplate":"https:\/\/bioplus.com.vn\/?s={search_term_string}"},"query-input":{"@type":"PropertyValueSpecification","valueRequired":true,"valueName":"search_term_string"}}],"inLanguage":"en-US"}]}},"_links":{"self":[{"href":"https:\/\/bioplus.com.vn\/en\/wp-json\/wp\/v2\/pages\/266","targetHints":{"allow":["GET"]}}],"collection":[{"href":"https:\/\/bioplus.com.vn\/en\/wp-json\/wp\/v2\/pages"}],"about":[{"href":"https:\/\/bioplus.com.vn\/en\/wp-json\/wp\/v2\/types\/page"}],"author":[{"embeddable":true,"href":"https:\/\/bioplus.com.vn\/en\/wp-json\/wp\/v2\/users\/1"}],"replies":[{"embeddable":true,"href":"https:\/\/bioplus.com.vn\/en\/wp-json\/wp\/v2\/comments?post=266"}],"version-history":[{"count":1,"href":"https:\/\/bioplus.com.vn\/en\/wp-json\/wp\/v2\/pages\/266\/revisions"}],"predecessor-version":[{"id":267,"href":"https:\/\/bioplus.com.vn\/en\/wp-json\/wp\/v2\/pages\/266\/revisions\/267"}],"wp:attachment":[{"href":"https:\/\/bioplus.com.vn\/en\/wp-json\/wp\/v2\/media?parent=266"}],"curies":[{"name":"wp","href":"https:\/\/api.w.org\/{rel}","templated":true}]}}